{"id":505,"date":"2022-08-26T13:40:36","date_gmt":"2022-08-26T11:40:36","guid":{"rendered":"https:\/\/nextbike-live.pluspol-networks.de\/palma\/account\/"},"modified":"2025-07-10T15:27:40","modified_gmt":"2025-07-10T13:27:40","slug":"account","status":"publish","type":"page","link":"https:\/\/www.bicipalma.com\/palma\/ca\/account\/","title":{"rendered":"Account"},"content":{"rendered":"<div class=\"wpb-content-wrapper\"><p>[vc_row][vc_column][vc_column_text]<nb-customer-account\n            nb-api-key='AYUj7hOjIyH3sCXk'\n            nb-brand='ea'\n            nb-api-base-url='https:\/\/api.nextbike.net\/'\n            nb-language='ca'\n        ><\/nb-customer-account>[\/vc_column_text][\/vc_column][\/vc_row][vc_row][vc_column width=&#8221;1\/2&#8243;][vc_column_text css=&#8221;&#8221;]<\/p>\n<h3 class=\"bold primary-font\">Nous usuaris<\/h3>\n<p>AV\u00cdS: EL PROC\u00c9S DES DE LA REALITZACI\u00d3 DEL FORMULARI FINS A REBRE EL PIN D&#8217;ALTA POT ESTENDRE&#8217;S FINS A SET DIES.<\/p>\n<p>EN CAS DE TENIR UNA INCID\u00c8NCIA DURANT EL\u00a0<b>PROC\u00c8S D\u2019ALTA<\/b>\u00a0ES POT CONTACTAR AMB L\u2019SMAP A TRAV\u00c9S DELS CANALS HABITUALS:<\/p>\n<p><strong>Societat Municipal d&#8217;Aparcaments i Projectes<\/strong><\/p>\n<p>C. de Sant Joan de la Salle, 6. Horari de dilluns a divendres de 8.30 a 19.30 h<br \/>\nAdre\u00e7a electr\u00f2nica:\u00a0<a href=\"mailto:bicipalma@palma.cat\">bicipalma@palma.cat<\/a><br \/>\nTel\u00e8fon d&#8217;informaci\u00f3: <a href=\"tel:+34971214646\"><u>+34 971 21 46 46<\/u><\/a>[\/vc_column_text][\/vc_column][vc_column width=&#8221;1\/2&#8243;][vc_column_text css=&#8221;&#8221;]<\/p>\n<ol>\n<li>Inicia el proc\u00e9s d&#8217;identificaci\u00f3 enviant a l&#8217;SMAP la documentaci\u00f3 requerida al seg\u00fcent\u00a0<a href=\"https:\/\/documents.mobipalma.mobi\/rw\/YWx0YS1iaWNpcC1ub3VzLTJubGluaw==\" target=\"_blank\" rel=\"noopener noreferrer\">FORMULARI<\/a>. Recorda adjuntar imatges d&#8217;ambdues cares del teu document d&#8217;identitat v\u00e0lid (DNI, NIE, Document Europeu d&#8217;Identificaci\u00f3 o passaport si no eres de la UE).<br \/>\n\u26a0Si tens menys de 18 anys, per favor revisa les <a href=\"https:\/\/www.bicipalma.com\/palma\/ca\/faq\/#faq-90-881\">FAQs de REGISTRE<\/a><\/li>\n<li>Una vegada verificada la documentaci\u00f3 per part de l&#8217;SMAP, l&#8217;usuari rebr\u00e0 un PIN per SMS al tel\u00e8fon introdu\u00eft.<\/li>\n<li>Descarrega l&#8217;app de Bicipalma.<\/li>\n<li>Amb el PIN rebut, l&#8217;usuari podr\u00e0 identificar-se a la nova app del servei Bicipalma.<\/li>\n<li>Una vegada dins el sistema, s&#8217;han d&#8217;introduir les dades d&#8217;usuari que faltin, introduir un mitj\u00e0 de pagament i adquirir un abonament. Alta finalitzada!<\/li>\n<\/ol>\n<p>[\/vc_column_text][\/vc_column][\/vc_row]<\/p>\n<\/div>","protected":false},"excerpt":{"rendered":"<p>[vc_row][vc_column][vc_column_text][\/vc_column_text][\/vc_column][\/vc_row][vc_row][vc_column width=&#8221;1\/2&#8243;][vc_column_text css=&#8221;&#8221;] Nous usuaris AV\u00cdS: EL PROC\u00c9S DES DE LA REALITZACI\u00d3 DEL FORMULARI FINS A REBRE EL PIN D&#8217;ALTA POT ESTENDRE&#8217;S FINS A SET DIES. EN CAS DE TENIR UNA INCID\u00c8NCIA DURANT EL\u00a0PROC\u00c8S D\u2019ALTA\u00a0ES POT CONTACTAR AMB L\u2019SMAP A TRAV\u00c9S DELS CANALS HABITUALS: Societat Municipal d&#8217;Aparcaments i Projectes C. de Sant Joan de la [&hellip;]<\/p>\n","protected":false},"author":2,"featured_media":0,"parent":0,"menu_order":0,"comment_status":"closed","ping_status":"closed","template":"","meta":{"_acf_changed":false,"inline_featured_image":false,"footnotes":""},"class_list":["post-505","page","type-page","status-publish","hentry"],"acf":[],"yoast_head":"<!-- This site is optimized with the Yoast SEO plugin v27.2 - https:\/\/yoast.com\/product\/yoast-seo-wordpress\/ -->\n<title>Account - BiciPalma<\/title>\n<meta name=\"robots\" content=\"index, follow, max-snippet:-1, max-image-preview:large, max-video-preview:-1\" \/>\n<link rel=\"canonical\" href=\"https:\/\/www.bicipalma.com\/palma\/ca\/account\/\" \/>\n<meta property=\"og:locale\" content=\"ca_ES\" \/>\n<meta property=\"og:type\" content=\"article\" \/>\n<meta property=\"og:title\" content=\"Account - BiciPalma\" \/>\n<meta property=\"og:description\" content=\"[vc_row][vc_column][vc_column_text][\/vc_column_text][\/vc_column][\/vc_row][vc_row][vc_column width=&#8221;1\/2&#8243;][vc_column_text css=&#8221;&#8221;] Nous usuaris AV\u00cdS: EL PROC\u00c9S DES DE LA REALITZACI\u00d3 DEL FORMULARI FINS A REBRE EL PIN D&#8217;ALTA POT ESTENDRE&#8217;S FINS A SET DIES. EN CAS DE TENIR UNA INCID\u00c8NCIA DURANT EL\u00a0PROC\u00c8S D\u2019ALTA\u00a0ES POT CONTACTAR AMB L\u2019SMAP A TRAV\u00c9S DELS CANALS HABITUALS: Societat Municipal d&#8217;Aparcaments i Projectes C. de Sant Joan de la [&hellip;]\" \/>\n<meta property=\"og:url\" content=\"https:\/\/www.bicipalma.com\/palma\/ca\/account\/\" \/>\n<meta property=\"og:site_name\" content=\"BiciPalma\" \/>\n<meta property=\"article:modified_time\" content=\"2025-07-10T13:27:40+00:00\" \/>\n<meta name=\"twitter:card\" content=\"summary_large_image\" \/>\n<meta name=\"twitter:label1\" content=\"Temps estimat de lectura\" \/>\n\t<meta name=\"twitter:data1\" content=\"1 minut\" \/>\n<script type=\"application\/ld+json\" class=\"yoast-schema-graph\">{\"@context\":\"https:\/\/schema.org\",\"@graph\":[{\"@type\":\"WebPage\",\"@id\":\"https:\/\/www.bicipalma.com\/palma\/ca\/account\/\",\"url\":\"https:\/\/www.bicipalma.com\/palma\/ca\/account\/\",\"name\":\"Account - BiciPalma\",\"isPartOf\":{\"@id\":\"https:\/\/www.bicipalma.com\/palma\/ca\/#website\"},\"datePublished\":\"2022-08-26T11:40:36+00:00\",\"dateModified\":\"2025-07-10T13:27:40+00:00\",\"breadcrumb\":{\"@id\":\"https:\/\/www.bicipalma.com\/palma\/ca\/account\/#breadcrumb\"},\"inLanguage\":\"ca\",\"potentialAction\":[{\"@type\":\"ReadAction\",\"target\":[\"https:\/\/www.bicipalma.com\/palma\/ca\/account\/\"]}]},{\"@type\":\"BreadcrumbList\",\"@id\":\"https:\/\/www.bicipalma.com\/palma\/ca\/account\/#breadcrumb\",\"itemListElement\":[{\"@type\":\"ListItem\",\"position\":1,\"name\":\"Startseite\",\"item\":\"https:\/\/www.bicipalma.com\/palma\/ca\/\"},{\"@type\":\"ListItem\",\"position\":2,\"name\":\"Account\"}]},{\"@type\":\"WebSite\",\"@id\":\"https:\/\/www.bicipalma.com\/palma\/ca\/#website\",\"url\":\"https:\/\/www.bicipalma.com\/palma\/ca\/\",\"name\":\"BiciPalma\",\"description\":\"Eine weitere Nextbike Websites Website \",\"potentialAction\":[{\"@type\":\"SearchAction\",\"target\":{\"@type\":\"EntryPoint\",\"urlTemplate\":\"https:\/\/www.bicipalma.com\/palma\/ca\/?s={search_term_string}\"},\"query-input\":{\"@type\":\"PropertyValueSpecification\",\"valueRequired\":true,\"valueName\":\"search_term_string\"}}],\"inLanguage\":\"ca\"}]}<\/script>\n<!-- \/ Yoast SEO plugin. -->","yoast_head_json":{"title":"Account - BiciPalma","robots":{"index":"index","follow":"follow","max-snippet":"max-snippet:-1","max-image-preview":"max-image-preview:large","max-video-preview":"max-video-preview:-1"},"canonical":"https:\/\/www.bicipalma.com\/palma\/ca\/account\/","og_locale":"ca_ES","og_type":"article","og_title":"Account - BiciPalma","og_description":"[vc_row][vc_column][vc_column_text][\/vc_column_text][\/vc_column][\/vc_row][vc_row][vc_column width=&#8221;1\/2&#8243;][vc_column_text css=&#8221;&#8221;] Nous usuaris AV\u00cdS: EL PROC\u00c9S DES DE LA REALITZACI\u00d3 DEL FORMULARI FINS A REBRE EL PIN D&#8217;ALTA POT ESTENDRE&#8217;S FINS A SET DIES. EN CAS DE TENIR UNA INCID\u00c8NCIA DURANT EL\u00a0PROC\u00c8S D\u2019ALTA\u00a0ES POT CONTACTAR AMB L\u2019SMAP A TRAV\u00c9S DELS CANALS HABITUALS: Societat Municipal d&#8217;Aparcaments i Projectes C. de Sant Joan de la [&hellip;]","og_url":"https:\/\/www.bicipalma.com\/palma\/ca\/account\/","og_site_name":"BiciPalma","article_modified_time":"2025-07-10T13:27:40+00:00","twitter_card":"summary_large_image","twitter_misc":{"Temps estimat de lectura":"1 minut"},"schema":{"@context":"https:\/\/schema.org","@graph":[{"@type":"WebPage","@id":"https:\/\/www.bicipalma.com\/palma\/ca\/account\/","url":"https:\/\/www.bicipalma.com\/palma\/ca\/account\/","name":"Account - BiciPalma","isPartOf":{"@id":"https:\/\/www.bicipalma.com\/palma\/ca\/#website"},"datePublished":"2022-08-26T11:40:36+00:00","dateModified":"2025-07-10T13:27:40+00:00","breadcrumb":{"@id":"https:\/\/www.bicipalma.com\/palma\/ca\/account\/#breadcrumb"},"inLanguage":"ca","potentialAction":[{"@type":"ReadAction","target":["https:\/\/www.bicipalma.com\/palma\/ca\/account\/"]}]},{"@type":"BreadcrumbList","@id":"https:\/\/www.bicipalma.com\/palma\/ca\/account\/#breadcrumb","itemListElement":[{"@type":"ListItem","position":1,"name":"Startseite","item":"https:\/\/www.bicipalma.com\/palma\/ca\/"},{"@type":"ListItem","position":2,"name":"Account"}]},{"@type":"WebSite","@id":"https:\/\/www.bicipalma.com\/palma\/ca\/#website","url":"https:\/\/www.bicipalma.com\/palma\/ca\/","name":"BiciPalma","description":"Eine weitere Nextbike Websites Website ","potentialAction":[{"@type":"SearchAction","target":{"@type":"EntryPoint","urlTemplate":"https:\/\/www.bicipalma.com\/palma\/ca\/?s={search_term_string}"},"query-input":{"@type":"PropertyValueSpecification","valueRequired":true,"valueName":"search_term_string"}}],"inLanguage":"ca"}]}},"_links":{"self":[{"href":"https:\/\/www.bicipalma.com\/palma\/ca\/wp-json\/wp\/v2\/pages\/505","targetHints":{"allow":["GET"]}}],"collection":[{"href":"https:\/\/www.bicipalma.com\/palma\/ca\/wp-json\/wp\/v2\/pages"}],"about":[{"href":"https:\/\/www.bicipalma.com\/palma\/ca\/wp-json\/wp\/v2\/types\/page"}],"author":[{"embeddable":true,"href":"https:\/\/www.bicipalma.com\/palma\/ca\/wp-json\/wp\/v2\/users\/2"}],"replies":[{"embeddable":true,"href":"https:\/\/www.bicipalma.com\/palma\/ca\/wp-json\/wp\/v2\/comments?post=505"}],"version-history":[{"count":11,"href":"https:\/\/www.bicipalma.com\/palma\/ca\/wp-json\/wp\/v2\/pages\/505\/revisions"}],"predecessor-version":[{"id":993,"href":"https:\/\/www.bicipalma.com\/palma\/ca\/wp-json\/wp\/v2\/pages\/505\/revisions\/993"}],"wp:attachment":[{"href":"https:\/\/www.bicipalma.com\/palma\/ca\/wp-json\/wp\/v2\/media?parent=505"}],"curies":[{"name":"wp","href":"https:\/\/api.w.org\/{rel}","templated":true}]}}